{"id":519,"date":"2021-03-27T04:20:35","date_gmt":"2021-03-27T04:20:35","guid":{"rendered":"http:\/\/hexabot.pl\/index.php\/home\/"},"modified":"2022-04-04T20:21:32","modified_gmt":"2022-04-04T18:21:32","slug":"home","status":"publish","type":"page","link":"https:\/\/hexabot.pl\/","title":{"rendered":"Home"},"content":{"rendered":"\n<div class=\"wp-block-cover alignfull is-light\" style=\"min-height:700px;aspect-ratio:unset;\"><span aria-hidden=\"true\" class=\"has-background-dim-100 wp-block-cover__gradient-background has-background-dim has-background-gradient\" style=\"background:linear-gradient(50deg,rgb(7,1,143) 0%,rgb(132,4,206) 100%)\"><\/span><div class=\"wp-block-cover__inner-container is-layout-flow wp-block-cover-is-layout-flow\">\n<div class=\"wp-block-group alignwide is-layout-constrained wp-block-group-is-layout-constrained\"><div class=\"wp-block-group__inner-container\">\n<div class=\"wp-block-media-text alignwide has-media-on-the-right is-stacked-on-mobile is-vertically-aligned-center\" style=\"grid-template-columns:auto 35%\"><figure class=\"wp-block-media-text__media\"><img decoding=\"async\" src=\"https:\/\/hexabot.pl\/wp-content\/uploads\/2021\/04\/wporg-astra.svg\" alt=\"\" class=\"wp-image-158 size-full\"\/><\/figure><div class=\"wp-block-media-text__content\">\n<h1 class=\"has-text-align-left has-white-color has-text-color wp-block-heading\" style=\"font-size:70px\">Fabryka Pomys\u0142\u00f3w                        IT &amp; Teleco Services<\/h1>\n\n\n\n<p class=\"has-ast-global-color-5-color has-text-color\" style=\"font-size:23px\">Budujemy nowoczesne i inteligentne Voiceboty oraz Chatboty, kt\u00f3re \u015bwiadcz\u0105 innowacyjne us\u0142ugi we wszystkich sektorach. Nasze rozwi\u0105zania wspieraj\u0105 biznes i pozwalaj\u0105 budowa\u0107 bli\u017csze relacje operator &#8211; klient.<\/p>\n<\/div><\/div>\n<\/div><\/div>\n\n\n\n<div class=\"wp-block-columns is-layout-flex wp-container-core-columns-is-layout-9d6595d7 wp-block-columns-is-layout-flex\">\n<div class=\"wp-block-column is-layout-flow wp-block-column-is-layout-flow\">\n<ul class=\"has-ast-global-color-5-color has-text-color wp-block-list\" style=\"font-size:18px\"><li>Wieloletnie do\u015bwiadczenie<\/li><li>Wdra\u017canie niestandardowych rozwi\u0105za\u0144<\/li><li>Wspieramy najwi\u0119ksze firmy z bran\u017cy Teleco<\/li><\/ul>\n<\/div>\n\n\n\n<div class=\"wp-block-column is-layout-flow wp-block-column-is-layout-flow\">\n<div class=\"wp-block-buttons is-content-justification-center is-layout-flex wp-container-core-buttons-is-layout-16018d1d wp-block-buttons-is-layout-flex\">\n<div class=\"wp-block-button\"><a class=\"wp-block-button__link has-ast-global-color-5-color has-luminous-dusk-gradient-background has-text-color has-background\" href=\"https:\/\/hexabot.pl\/index.php\/home\/o-nas\/\">Dowiedz si\u0119 wi\u0119cej<\/a><\/div>\n<\/div>\n<\/div>\n<\/div>\n<\/div><\/div>\n\n\n\n<div class=\"wp-block-group alignfull has-ast-global-color-5-background-color has-background is-layout-constrained wp-block-group-is-layout-constrained\" id=\"about\"><div class=\"wp-block-group__inner-container\">\n<div class=\"wp-block-group is-layout-constrained wp-block-group-is-layout-constrained\"><div class=\"wp-block-group__inner-container\">\n<div class=\"wp-block-columns is-layout-flex wp-container-core-columns-is-layout-9d6595d7 wp-block-columns-is-layout-flex\">\n<div class=\"wp-block-column is-layout-flow wp-block-column-is-layout-flow\">\n<h2 class=\"has-ast-global-color-0-color has-text-color wp-block-heading\">Nasze Us\u0142ugi<\/h2>\n\n\n\n<p class=\"has-ast-global-color-0-color has-text-color\" style=\"font-size:23px\">Fabryka Pomys\u0142\u00f3w oferuje us\u0142ugi z zakresu wdra\u017cania i rozwijania Voicebot\u00f3w, Chatbot\u00f3w oraz tworzenia i analizy proces\u00f3w obs\u0142ugi klienta. Wykorzystujemy Machine Learning w celu zadbania o jak najwy\u017csz\u0105 jako\u015b\u0107 us\u0142ug dla naszych klient\u00f3w. Zapewniamy kompleksowe testowanie rozwi\u0105za\u0144 wprowadzonych przez nas i naszych klient\u00f3w. <\/p>\n<\/div>\n\n\n\n<div class=\"wp-block-column is-layout-flow wp-block-column-is-layout-flow\">\n<figure class=\"wp-block-image size-full is-style-rounded\"><img loading=\"lazy\" decoding=\"async\" width=\"550\" height=\"423\" src=\"https:\/\/hexabot.pl\/wp-content\/uploads\/2021\/05\/why-choose-us.jpg\" alt=\"\" class=\"wp-image-359\" srcset=\"https:\/\/hexabot.pl\/wp-content\/uploads\/2021\/05\/why-choose-us.jpg 550w, https:\/\/hexabot.pl\/wp-content\/uploads\/2021\/05\/why-choose-us-300x231.jpg 300w\" sizes=\"auto, (max-width: 550px) 100vw, 550px\" \/><\/figure>\n<\/div>\n<\/div>\n<\/div><\/div>\n\n\n\n<div style=\"height:50px\" aria-hidden=\"true\" class=\"wp-block-spacer\"><\/div>\n\n\n\n<div class=\"wp-block-group alignfull is-layout-constrained wp-block-group-is-layout-constrained\"><div class=\"wp-block-group__inner-container\">\n<div class=\"wp-block-columns is-layout-flex wp-container-core-columns-is-layout-9d6595d7 wp-block-columns-is-layout-flex\">\n<div class=\"wp-block-column is-layout-flow wp-block-column-is-layout-flow\">\n<figure class=\"wp-block-image size-large is-resized is-style-rounded\"><img loading=\"lazy\" decoding=\"async\" src=\"https:\/\/hexabot.pl\/wp-content\/uploads\/2022\/03\/cloud-technology-service-5469737-1024x576.jpg\" alt=\"cloud, technology, service-5469737.jpg\" class=\"wp-image-512\" width=\"582\" height=\"327\" srcset=\"https:\/\/hexabot.pl\/wp-content\/uploads\/2022\/03\/cloud-technology-service-5469737-1024x576.jpg 1024w, https:\/\/hexabot.pl\/wp-content\/uploads\/2022\/03\/cloud-technology-service-5469737-300x169.jpg 300w, https:\/\/hexabot.pl\/wp-content\/uploads\/2022\/03\/cloud-technology-service-5469737-768x432.jpg 768w, https:\/\/hexabot.pl\/wp-content\/uploads\/2022\/03\/cloud-technology-service-5469737.jpg 1280w\" sizes=\"auto, (max-width: 582px) 100vw, 582px\" \/><\/figure>\n<\/div>\n\n\n\n<div class=\"wp-block-column is-layout-flow wp-block-column-is-layout-flow\">\n<h2 class=\"has-ast-global-color-0-color has-text-color wp-block-heading\">Zrealizowane projekty<\/h2>\n\n\n\n<p class=\"has-ast-global-color-0-color has-text-color\" style=\"font-size:23px\">Dzi\u0119ki m\u0142odemu i dynamicznemu zespo\u0142owi uda\u0142o si\u0119 zrealizowa\u0107 wiele wymagaj\u0105cych projekt\u00f3w dla takich firm jak: UPC Polska, Orange Polska, T-Mobile Austria czy Orange Mo\u0142dawia.<\/p>\n<\/div>\n<\/div>\n<\/div><\/div>\n\n\n\n<div style=\"height:50px\" aria-hidden=\"true\" class=\"wp-block-spacer\"><\/div>\n<\/div><\/div>\n\n\n\n<div class=\"wp-block-group alignfull has-ast-global-color-5-background-color has-background is-layout-constrained wp-block-group-is-layout-constrained\"><div class=\"wp-block-group__inner-container\">\n<div class=\"wp-block-columns is-layout-flex wp-container-core-columns-is-layout-9d6595d7 wp-block-columns-is-layout-flex\">\n<div class=\"wp-block-column is-layout-flow wp-block-column-is-layout-flow\">\n<h2 class=\"has-ast-global-color-0-color has-text-color wp-block-heading\">Gotowy dowiedzie\u0107 si\u0119 wi\u0119cej?<\/h2>\n\n\n\n<p class=\"has-ast-global-color-0-color has-text-color\" style=\"font-size:23px\">Patrzymy w przysz\u0142o\u015b\u0107 i my\u015blimy szerzej. Jeste\u015bmy ekspertami z ambicjiami z obszaru IT\/Telco i nasz\u0105 ambicj\u0105 jest dostarczanie produkt\u00f3w z najwy\u017cszej p\u00f3\u0142ki, kt\u00f3re spe\u0142niaj\u0105 oczekiwania klient\u00f3w i pozwalaj\u0105 rozwija\u0107 ich business. Napisz do nas w celu ustalenia szczeg\u00f3\u0142\u00f3w przysz\u0142ej wsp\u00f3\u0142pracy.<\/p>\n<\/div>\n\n\n\n<div class=\"wp-block-column is-layout-flow wp-block-column-is-layout-flow\">\n<figure class=\"wp-block-image size-large is-style-rounded\"><img loading=\"lazy\" decoding=\"async\" width=\"1024\" height=\"740\" src=\"https:\/\/hexabot.pl\/wp-content\/uploads\/2022\/03\/2-1024x740.png\" alt=\"\" class=\"wp-image-523\" srcset=\"https:\/\/hexabot.pl\/wp-content\/uploads\/2022\/03\/2-1024x740.png 1024w, https:\/\/hexabot.pl\/wp-content\/uploads\/2022\/03\/2-300x217.png 300w, https:\/\/hexabot.pl\/wp-content\/uploads\/2022\/03\/2-768x555.png 768w, https:\/\/hexabot.pl\/wp-content\/uploads\/2022\/03\/2.png 1264w\" sizes=\"auto, (max-width: 1024px) 100vw, 1024px\" \/><\/figure>\n\n\n\n<div class=\"wp-block-buttons is-content-justification-center is-layout-flex wp-container-core-buttons-is-layout-16018d1d wp-block-buttons-is-layout-flex\">\n<div class=\"wp-block-button\"><a class=\"wp-block-button__link has-ast-global-color-5-color has-luminous-dusk-gradient-background has-text-color has-background\" href=\"https:\/\/hexabot.pl\/index.php\/home\/kontakt\/\">Skontaktuj si\u0119 z nami <\/a><\/div>\n<\/div>\n<\/div>\n<\/div>\n<\/div><\/div>\n\n\n\n<p><\/p>\n","protected":false},"excerpt":{"rendered":"<p>Nasze Us\u0142ugi Fabryka Pomys\u0142\u00f3w oferuje us\u0142ugi z zakresu wdra\u017cania i rozwijania Voicebot\u00f3w, Chatbot\u00f3w oraz tworzenia i analizy proces\u00f3w obs\u0142ugi klienta. Wykorzystujemy Machine Learning w celu zadbania o jak najwy\u017csz\u0105 jako\u015b\u0107 us\u0142ug dla naszych klient\u00f3w. Zapewniamy kompleksowe testowanie rozwi\u0105za\u0144 wprowadzonych przez nas i naszych klient\u00f3w. Zrealizowane projekty Dzi\u0119ki m\u0142odemu i dynamicznemu zespo\u0142owi uda\u0142o si\u0119 zrealizowa\u0107 wiele &hellip;<\/p>\n<p class=\"read-more\"> <a class=\"\" href=\"https:\/\/hexabot.pl\/\"> <span class=\"screen-reader-text\">Home<\/span> Read More &raquo;<\/a><\/p>\n","protected":false},"author":1,"featured_media":0,"parent":0,"menu_order":0,"comment_status":"closed","ping_status":"closed","template":"","meta":{"site-sidebar-layout":"no-sidebar","site-content-layout":"plain-container","ast-main-header-display":"","ast-hfb-above-header-display":"","ast-hfb-below-header-display":"","ast-hfb-mobile-header-display":"","site-post-title":"disabled","ast-breadcrumbs-content":"disabled","ast-featured-img":"disabled","footer-sml-layout":"","theme-transparent-header-meta":"enabled","adv-header-id-meta":"","stick-header-meta":"","header-above-stick-meta":"","header-main-stick-meta":"","header-below-stick-meta":"","footnotes":""},"class_list":["post-519","page","type-page","status-publish","hentry"],"_links":{"self":[{"href":"https:\/\/hexabot.pl\/index.php\/wp-json\/wp\/v2\/pages\/519","targetHints":{"allow":["GET"]}}],"collection":[{"href":"https:\/\/hexabot.pl\/index.php\/wp-json\/wp\/v2\/pages"}],"about":[{"href":"https:\/\/hexabot.pl\/index.php\/wp-json\/wp\/v2\/types\/page"}],"author":[{"embeddable":true,"href":"https:\/\/hexabot.pl\/index.php\/wp-json\/wp\/v2\/users\/1"}],"replies":[{"embeddable":true,"href":"https:\/\/hexabot.pl\/index.php\/wp-json\/wp\/v2\/comments?post=519"}],"version-history":[{"count":23,"href":"https:\/\/hexabot.pl\/index.php\/wp-json\/wp\/v2\/pages\/519\/revisions"}],"predecessor-version":[{"id":808,"href":"https:\/\/hexabot.pl\/index.php\/wp-json\/wp\/v2\/pages\/519\/revisions\/808"}],"wp:attachment":[{"href":"https:\/\/hexabot.pl\/index.php\/wp-json\/wp\/v2\/media?parent=519"}],"curies":[{"name":"wp","href":"https:\/\/api.w.org\/{rel}","templated":true}]}}