{"id":631,"date":"2022-04-01T14:16:50","date_gmt":"2022-04-01T12:16:50","guid":{"rendered":"http:\/\/hexabot.pl\/?page_id=631"},"modified":"2022-04-25T23:08:56","modified_gmt":"2022-04-25T21:08:56","slug":"o-nas","status":"publish","type":"page","link":"https:\/\/hexabot.pl\/index.php\/home\/o-nas\/","title":{"rendered":"O nas"},"content":{"rendered":"\n<div class=\"wp-block-cover alignfull is-light\" style=\"min-height:700px;aspect-ratio:unset;\"><span aria-hidden=\"true\" class=\"has-background-dim-100 wp-block-cover__gradient-background has-background-dim has-background-gradient\" style=\"background:linear-gradient(50deg,rgb(7,1,143) 0%,rgb(132,4,206) 100%)\"><\/span><div class=\"wp-block-cover__inner-container is-layout-flow wp-block-cover-is-layout-flow\">\n<div class=\"wp-block-group alignwide is-layout-constrained wp-block-group-is-layout-constrained\"><div class=\"wp-block-group__inner-container\">\n<div class=\"wp-block-media-text alignfull has-media-on-the-right is-stacked-on-mobile is-vertically-aligned-center\" style=\"grid-template-columns:auto 38%\"><figure class=\"wp-block-media-text__media\"><img loading=\"lazy\" decoding=\"async\" width=\"780\" height=\"780\" src=\"https:\/\/hexabot.pl\/wp-content\/uploads\/2022\/04\/zarowka.png\" alt=\"\" class=\"wp-image-841 size-full\" srcset=\"https:\/\/hexabot.pl\/wp-content\/uploads\/2022\/04\/zarowka.png 780w, https:\/\/hexabot.pl\/wp-content\/uploads\/2022\/04\/zarowka-300x300.png 300w, https:\/\/hexabot.pl\/wp-content\/uploads\/2022\/04\/zarowka-150x150.png 150w, https:\/\/hexabot.pl\/wp-content\/uploads\/2022\/04\/zarowka-768x768.png 768w\" sizes=\"auto, (max-width: 780px) 100vw, 780px\" \/><\/figure><div class=\"wp-block-media-text__content\">\n<h1 class=\"has-text-align-left has-white-color has-text-color wp-block-heading\" style=\"font-size:78px\">Dlaczego My<\/h1>\n<\/div><\/div>\n<\/div><\/div>\n<\/div><\/div>\n\n\n\n<div class=\"wp-block-group alignfull has-ast-global-color-5-background-color has-background is-layout-constrained wp-block-group-is-layout-constrained\"><div class=\"wp-block-group__inner-container\">\n<div class=\"wp-block-columns is-layout-flex wp-container-core-columns-is-layout-9d6595d7 wp-block-columns-is-layout-flex\">\n<div class=\"wp-block-column is-vertically-aligned-center has-ast-global-color-5-color has-text-color is-layout-flow wp-block-column-is-layout-flow\">\n<p class=\"has-ast-global-color-0-color has-text-color\" style=\"font-size:23px\">Niezmiennie rozszerzamy nasze horyzonty, wyprzedzaj\u0105c aktualne trendy i wprowadzaj\u0105c nowe rozwi\u0105zania.&nbsp;<\/p>\n<\/div>\n\n\n\n<div class=\"wp-block-column is-layout-flow wp-block-column-is-layout-flow\">\n<figure class=\"wp-block-image size-large is-resized is-style-rounded\"><img loading=\"lazy\" decoding=\"async\" src=\"https:\/\/hexabot.pl\/wp-content\/uploads\/2022\/03\/success-strategy-business-2081167-1024x576.jpg\" alt=\"success, strategy, business-2081167.jpg\" class=\"wp-image-538\" width=\"616\" height=\"346\" srcset=\"https:\/\/hexabot.pl\/wp-content\/uploads\/2022\/03\/success-strategy-business-2081167-1024x576.jpg 1024w, https:\/\/hexabot.pl\/wp-content\/uploads\/2022\/03\/success-strategy-business-2081167-300x169.jpg 300w, https:\/\/hexabot.pl\/wp-content\/uploads\/2022\/03\/success-strategy-business-2081167-768x432.jpg 768w, https:\/\/hexabot.pl\/wp-content\/uploads\/2022\/03\/success-strategy-business-2081167.jpg 1280w\" sizes=\"auto, (max-width: 616px) 100vw, 616px\" \/><\/figure>\n<\/div>\n<\/div>\n<\/div><\/div>\n\n\n\n<div class=\"wp-block-group alignfull has-background is-layout-constrained wp-block-group-is-layout-constrained\" style=\"background:linear-gradient(135deg,rgb(7,1,143) 0%,rgb(132,4,206) 100%)\"><div class=\"wp-block-group__inner-container\">\n<div class=\"wp-block-columns is-layout-flex wp-container-core-columns-is-layout-9d6595d7 wp-block-columns-is-layout-flex\">\n<div class=\"wp-block-column is-vertically-aligned-top is-layout-flow wp-block-column-is-layout-flow\">\n<figure class=\"wp-block-image size-large is-resized is-style-rounded\"><img loading=\"lazy\" decoding=\"async\" src=\"https:\/\/hexabot.pl\/wp-content\/uploads\/2022\/03\/statistics-business-graph-5041374-1024x731.png\" alt=\"statistics, business, graph-5041374.jpg\" class=\"wp-image-539\" width=\"625\" height=\"446\" srcset=\"https:\/\/hexabot.pl\/wp-content\/uploads\/2022\/03\/statistics-business-graph-5041374-1024x731.png 1024w, https:\/\/hexabot.pl\/wp-content\/uploads\/2022\/03\/statistics-business-graph-5041374-300x214.png 300w, https:\/\/hexabot.pl\/wp-content\/uploads\/2022\/03\/statistics-business-graph-5041374-768x548.png 768w, https:\/\/hexabot.pl\/wp-content\/uploads\/2022\/03\/statistics-business-graph-5041374.png 1280w\" sizes=\"auto, (max-width: 625px) 100vw, 625px\" \/><\/figure>\n<\/div>\n\n\n\n<div class=\"wp-block-column is-vertically-aligned-center is-layout-flow wp-block-column-is-layout-flow\">\n<p class=\"has-ast-global-color-5-color has-text-color\" style=\"font-size:23px\">Fabryka Pomys\u0142\u00f3w to pasja, kreatywno\u015b\u0107, innowacja i do\u015bwiadczenie \u2013 stworzone by przewy\u017cszy\u0107 Wasze oczekiwania.<\/p>\n<\/div>\n<\/div>\n<\/div><\/div>\n\n\n\n<div class=\"alignfull\"><div id=\"metaslider-id-553\" style=\"width: 100%;\" class=\"ml-slider-3-27-3 metaslider metaslider-nivo metaslider-553 ml-slider\">\n    <div id=\"metaslider_container_553\">\n        <div class='slider-wrapper theme-default'><div class='ribbon'><\/div><div id='metaslider_553' class='nivoSlider'><img loading=\"lazy\" decoding=\"async\" src=\"https:\/\/hexabot.pl\/wp-content\/uploads\/2022\/03\/scott-graham-5fNmWej4tAA-unsplash-960x640.jpg\" height=\"640\" width=\"960\" data-caption=\"Przejrzysto\u015b\u0107 i rzetelno\u015b\u0107 dzia\u0142ania\" title=\"scott-graham-5fNmWej4tAA-unsplash\" alt=\"\" class=\"slider-553 slide-555\" \/><img loading=\"lazy\" decoding=\"async\" src=\"https:\/\/hexabot.pl\/wp-content\/uploads\/2022\/03\/diana-parkhouse-H8sqvuLE2CQ-unsplash-960x640.jpg\" height=\"640\" width=\"960\" data-caption=\"20+ lat do\u015bwiadczenia w bran\u017cy\" title=\"diana-parkhouse-H8sqvuLE2CQ-unsplash\" alt=\"\" class=\"slider-553 slide-557\" \/><img loading=\"lazy\" decoding=\"async\" src=\"https:\/\/hexabot.pl\/wp-content\/uploads\/2022\/03\/parrish-freeman-0d-z8cJGIR4-unsplash-960x640.jpg\" height=\"640\" width=\"960\" data-caption=\"Nieszablonowe My\u015blenie\" title=\"parrish-freeman-0d-z8cJGIR4-unsplash\" alt=\"\" class=\"slider-553 slide-561\" \/><\/div><\/div>\n        \n    <\/div>\n<\/div><\/div>\n\n\n\n<div class=\"wp-block-group alignfull has-ast-global-color-5-background-color has-background is-layout-constrained wp-block-group-is-layout-constrained\"><div class=\"wp-block-group__inner-container\">\n<div class=\"wp-block-columns is-layout-flex wp-container-core-columns-is-layout-9d6595d7 wp-block-columns-is-layout-flex\">\n<div class=\"wp-block-column is-vertically-aligned-center is-layout-flow wp-block-column-is-layout-flow\">\n<p class=\"has-text-align-left has-ast-global-color-0-color has-text-color\" style=\"font-size:23px\">Z naszym m\u0142odym, ambitnym zespo\u0142em profesjonalist\u00f3w z szerokim do\u015bwiadczeniem zar\u00f3wno w obszarze IT jak i Telco, Najnowsze rozwi\u0105zania s\u0105 w zasi\u0119gu r\u0119ki.<\/p>\n<\/div>\n\n\n\n<div class=\"wp-block-column is-layout-flow wp-block-column-is-layout-flow\">\n<figure class=\"wp-block-image size-large is-resized\"><img loading=\"lazy\" decoding=\"async\" src=\"https:\/\/hexabot.pl\/wp-content\/uploads\/2022\/03\/4_ccexpress-1024x846.png\" alt=\"\" class=\"wp-image-650\" width=\"429\" height=\"353\" srcset=\"https:\/\/hexabot.pl\/wp-content\/uploads\/2022\/03\/4_ccexpress-1024x846.png 1024w, https:\/\/hexabot.pl\/wp-content\/uploads\/2022\/03\/4_ccexpress-300x248.png 300w\" sizes=\"auto, (max-width: 429px) 100vw, 429px\" \/><\/figure>\n<\/div>\n<\/div>\n<\/div><\/div>\n\n\n\n<div class=\"wp-block-group alignfull has-background is-layout-constrained wp-block-group-is-layout-constrained\" style=\"background:linear-gradient(135deg,rgb(7,1,143) 0%,rgb(132,4,206) 100%)\"><div class=\"wp-block-group__inner-container\">\n<div class=\"wp-block-columns is-layout-flex wp-container-core-columns-is-layout-9d6595d7 wp-block-columns-is-layout-flex\">\n<div class=\"wp-block-column is-layout-flow wp-block-column-is-layout-flow\">\n<figure class=\"wp-block-image size-full\"><img loading=\"lazy\" decoding=\"async\" width=\"878\" height=\"622\" src=\"https:\/\/hexabot.pl\/wp-content\/uploads\/2022\/04\/7_ccexpress.png\" alt=\"\" class=\"wp-image-653\" srcset=\"https:\/\/hexabot.pl\/wp-content\/uploads\/2022\/04\/7_ccexpress.png 878w, https:\/\/hexabot.pl\/wp-content\/uploads\/2022\/04\/7_ccexpress-300x213.png 300w, https:\/\/hexabot.pl\/wp-content\/uploads\/2022\/04\/7_ccexpress-768x544.png 768w\" sizes=\"auto, (max-width: 878px) 100vw, 878px\" \/><\/figure>\n<\/div>\n\n\n\n<div class=\"wp-block-column is-vertically-aligned-center is-layout-flow wp-block-column-is-layout-flow\">\n<p class=\"has-ast-global-color-5-color has-text-color\" style=\"font-size:23px\">Rozumiemy, \u017ce presja czasu i jak najszybsze wdro\u017cenie rozwi\u0105zania musz\u0105 i\u015b\u0107 zawsze w parze z jako\u015bci\u0105. To podstawa naszej dzia\u0142alno\u015bci. Dostarczamy pe\u0142ne rozwi\u0105zania techniczne i kompleksow\u0105 obs\u0142ug\u0119 projektow\u0105.<\/p>\n<\/div>\n<\/div>\n<\/div><\/div>\n\n\n\n<div class=\"wp-block-group alignfull has-ast-global-color-5-background-color has-background is-layout-constrained wp-block-group-is-layout-constrained\"><div class=\"wp-block-group__inner-container\">\n<div class=\"wp-block-columns is-layout-flex wp-container-core-columns-is-layout-9d6595d7 wp-block-columns-is-layout-flex\">\n<div class=\"wp-block-column is-vertically-aligned-center is-layout-flow wp-block-column-is-layout-flow\">\n<p class=\"has-ast-global-color-0-color has-text-color\" style=\"font-size:23px\">Zapewniamy wsparcie od pomys\u0142u poprzez realizacj\u0119 do komercyjnego wdro\u017cenia.<\/p>\n\n\n\n<p class=\"has-ast-global-color-0-color has-text-color\" style=\"font-size:23px\">Realizujemy projekt od wst\u0119pnej analizy wymaga\u0144 biznesowych, poprzez przygotowanie szacunk\u00f3w eksperckich, analiz\u0119 techniczn\u0105, przygotowanie szczeg\u00f3\u0142owej analizy implementacji, wykonania instalacji HW\/SW do pe\u0142nego wdro\u017cenia komercyjnego us\u0142ugi.<\/p>\n<\/div>\n\n\n\n<div class=\"wp-block-column is-layout-flow wp-block-column-is-layout-flow\">\n<figure class=\"wp-block-image size-large is-style-rounded\"><img loading=\"lazy\" decoding=\"async\" width=\"1024\" height=\"656\" src=\"https:\/\/hexabot.pl\/wp-content\/uploads\/2022\/04\/8-1024x656.png\" alt=\"\" class=\"wp-image-659\" srcset=\"https:\/\/hexabot.pl\/wp-content\/uploads\/2022\/04\/8-1024x656.png 1024w, https:\/\/hexabot.pl\/wp-content\/uploads\/2022\/04\/8-300x192.png 300w, https:\/\/hexabot.pl\/wp-content\/uploads\/2022\/04\/8-768x492.png 768w, https:\/\/hexabot.pl\/wp-content\/uploads\/2022\/04\/8-1536x984.png 1536w, https:\/\/hexabot.pl\/wp-content\/uploads\/2022\/04\/8.png 1558w\" sizes=\"auto, (max-width: 1024px) 100vw, 1024px\" \/><\/figure>\n<\/div>\n<\/div>\n<\/div><\/div>\n\n\n\n<div class=\"wp-block-group alignfull has-background is-layout-constrained wp-block-group-is-layout-constrained\" style=\"background:linear-gradient(135deg,rgb(7,1,143) 0%,rgb(132,4,206) 100%)\"><div class=\"wp-block-group__inner-container\">\n<div class=\"wp-block-columns is-layout-flex wp-container-core-columns-is-layout-9d6595d7 wp-block-columns-is-layout-flex\">\n<div class=\"wp-block-column is-layout-flow wp-block-column-is-layout-flow\">\n<figure class=\"wp-block-image size-full is-style-rounded\"><img loading=\"lazy\" decoding=\"async\" width=\"882\" height=\"426\" src=\"https:\/\/hexabot.pl\/wp-content\/uploads\/2022\/04\/13_ccexpress-2.png\" alt=\"\" class=\"wp-image-828\" srcset=\"https:\/\/hexabot.pl\/wp-content\/uploads\/2022\/04\/13_ccexpress-2.png 882w, https:\/\/hexabot.pl\/wp-content\/uploads\/2022\/04\/13_ccexpress-2-300x145.png 300w, https:\/\/hexabot.pl\/wp-content\/uploads\/2022\/04\/13_ccexpress-2-768x371.png 768w\" sizes=\"auto, (max-width: 882px) 100vw, 882px\" \/><\/figure>\n<\/div>\n\n\n\n<div class=\"wp-block-column is-vertically-aligned-center is-layout-flow wp-block-column-is-layout-flow\">\n<p class=\"has-ast-global-color-5-color has-text-color\" style=\"font-size:23px\">Zapewniamy najwy\u017csz\u0105 jako\u015b\u0107 \u015bwiadczonych us\u0142ug wraz z us\u0142ug\u0105 utrzymania w pierwszej drugiej i trzeciej linii wsparcia. Naszym atutem jest skuteczno\u015b\u0107 i kompleksowa obs\u0142uga klienta.<\/p>\n<\/div>\n<\/div>\n<\/div><\/div>\n\n\n\n<p><\/p>\n","protected":false},"excerpt":{"rendered":"<p>Niezmiennie rozszerzamy nasze horyzonty, wyprzedzaj\u0105c aktualne trendy i wprowadzaj\u0105c nowe rozwi\u0105zania.&nbsp; Fabryka Pomys\u0142\u00f3w to pasja, kreatywno\u015b\u0107, innowacja i do\u015bwiadczenie \u2013 stworzone by przewy\u017cszy\u0107 Wasze oczekiwania. Z naszym m\u0142odym, ambitnym zespo\u0142em profesjonalist\u00f3w z szerokim do\u015bwiadczeniem zar\u00f3wno w obszarze IT jak i Telco, Najnowsze rozwi\u0105zania s\u0105 w zasi\u0119gu r\u0119ki. Rozumiemy, \u017ce presja czasu i jak najszybsze wdro\u017cenie &hellip;<\/p>\n<p class=\"read-more\"> <a class=\"\" href=\"https:\/\/hexabot.pl\/index.php\/home\/o-nas\/\"> <span class=\"screen-reader-text\">O nas<\/span> Read More &raquo;<\/a><\/p>\n","protected":false},"author":1,"featured_media":0,"parent":519,"menu_order":0,"comment_status":"closed","ping_status":"closed","template":"","meta":{"site-sidebar-layout":"default","site-content-layout":"plain-container","ast-main-header-display":"","ast-hfb-above-header-display":"","ast-hfb-below-header-display":"","ast-hfb-mobile-header-display":"","site-post-title":"disabled","ast-breadcrumbs-content":"disabled","ast-featured-img":"disabled","footer-sml-layout":"","theme-transparent-header-meta":"","adv-header-id-meta":"","stick-header-meta":"","header-above-stick-meta":"","header-main-stick-meta":"","header-below-stick-meta":"","footnotes":""},"class_list":["post-631","page","type-page","status-publish","hentry"],"_links":{"self":[{"href":"https:\/\/hexabot.pl\/index.php\/wp-json\/wp\/v2\/pages\/631","targetHints":{"allow":["GET"]}}],"collection":[{"href":"https:\/\/hexabot.pl\/index.php\/wp-json\/wp\/v2\/pages"}],"about":[{"href":"https:\/\/hexabot.pl\/index.php\/wp-json\/wp\/v2\/types\/page"}],"author":[{"embeddable":true,"href":"https:\/\/hexabot.pl\/index.php\/wp-json\/wp\/v2\/users\/1"}],"replies":[{"embeddable":true,"href":"https:\/\/hexabot.pl\/index.php\/wp-json\/wp\/v2\/comments?post=631"}],"version-history":[{"count":29,"href":"https:\/\/hexabot.pl\/index.php\/wp-json\/wp\/v2\/pages\/631\/revisions"}],"predecessor-version":[{"id":842,"href":"https:\/\/hexabot.pl\/index.php\/wp-json\/wp\/v2\/pages\/631\/revisions\/842"}],"up":[{"embeddable":true,"href":"https:\/\/hexabot.pl\/index.php\/wp-json\/wp\/v2\/pages\/519"}],"wp:attachment":[{"href":"https:\/\/hexabot.pl\/index.php\/wp-json\/wp\/v2\/media?parent=631"}],"curies":[{"name":"wp","href":"https:\/\/api.w.org\/{rel}","templated":true}]}}