{"id":677,"date":"2022-04-01T17:56:08","date_gmt":"2022-04-01T15:56:08","guid":{"rendered":"http:\/\/hexabot.pl\/?page_id=677"},"modified":"2022-04-25T23:26:27","modified_gmt":"2022-04-25T21:26:27","slug":"uslugi","status":"publish","type":"page","link":"https:\/\/hexabot.pl\/index.php\/home\/uslugi\/","title":{"rendered":"Us\u0142ugi"},"content":{"rendered":"\n<div class=\"wp-block-cover alignfull is-light\" style=\"min-height:700px;aspect-ratio:unset;\"><span aria-hidden=\"true\" class=\"has-background-dim-100 wp-block-cover__gradient-background has-background-dim has-background-gradient\" style=\"background:linear-gradient(50deg,rgb(7,1,143) 0%,rgb(132,4,206) 100%)\"><\/span><div class=\"wp-block-cover__inner-container is-layout-flow wp-block-cover-is-layout-flow\">\n<div class=\"wp-block-group alignwide is-layout-constrained wp-block-group-is-layout-constrained\"><div class=\"wp-block-group__inner-container\">\n<div class=\"wp-block-media-text alignfull has-media-on-the-right is-stacked-on-mobile\"><figure class=\"wp-block-media-text__media\"><img loading=\"lazy\" decoding=\"async\" width=\"972\" height=\"820\" src=\"https:\/\/hexabot.pl\/wp-content\/uploads\/2022\/04\/10_ccexpress.png\" alt=\"\" class=\"wp-image-678 size-full\" srcset=\"https:\/\/hexabot.pl\/wp-content\/uploads\/2022\/04\/10_ccexpress.png 972w, https:\/\/hexabot.pl\/wp-content\/uploads\/2022\/04\/10_ccexpress-300x253.png 300w, https:\/\/hexabot.pl\/wp-content\/uploads\/2022\/04\/10_ccexpress-768x648.png 768w\" sizes=\"auto, (max-width: 972px) 100vw, 972px\" \/><\/figure><div class=\"wp-block-media-text__content\">\n<h1 class=\"has-ast-global-color-5-color has-text-color wp-block-heading\" style=\"font-size:78px\">Nasze Us\u0142ugi<\/h1>\n\n\n\n<p class=\"has-ast-global-color-5-color has-text-color has-medium-font-size\">Zapewniamy wszystko czego potrzebujesz<\/p>\n<\/div><\/div>\n<\/div><\/div>\n<\/div><\/div>\n\n\n\n<div class=\"wp-block-group alignfull has-ast-global-color-5-background-color has-background is-layout-constrained wp-block-group-is-layout-constrained\"><div class=\"wp-block-group__inner-container\">\n<div class=\"wp-block-columns is-layout-flex wp-container-core-columns-is-layout-9d6595d7 wp-block-columns-is-layout-flex\">\n<div class=\"wp-block-column is-layout-flow wp-block-column-is-layout-flow\">\n<figure class=\"wp-block-image size-large is-style-rounded\"><img loading=\"lazy\" decoding=\"async\" width=\"1024\" height=\"683\" src=\"https:\/\/hexabot.pl\/wp-content\/uploads\/2022\/04\/brad-neathery-nPy0X4xew60-unsplash-1024x683.jpg\" alt=\"\" class=\"wp-image-685\" srcset=\"https:\/\/hexabot.pl\/wp-content\/uploads\/2022\/04\/brad-neathery-nPy0X4xew60-unsplash-1024x683.jpg 1024w, https:\/\/hexabot.pl\/wp-content\/uploads\/2022\/04\/brad-neathery-nPy0X4xew60-unsplash-300x200.jpg 300w, https:\/\/hexabot.pl\/wp-content\/uploads\/2022\/04\/brad-neathery-nPy0X4xew60-unsplash-768x512.jpg 768w, https:\/\/hexabot.pl\/wp-content\/uploads\/2022\/04\/brad-neathery-nPy0X4xew60-unsplash-1536x1025.jpg 1536w, https:\/\/hexabot.pl\/wp-content\/uploads\/2022\/04\/brad-neathery-nPy0X4xew60-unsplash.jpg 1920w\" sizes=\"auto, (max-width: 1024px) 100vw, 1024px\" \/><\/figure>\n<\/div>\n\n\n\n<div class=\"wp-block-column is-layout-flow wp-block-column-is-layout-flow\">\n<h2 class=\"has-ast-global-color-0-color has-text-color wp-block-heading\">Zarz\u0105dzanie projektem<\/h2>\n\n\n\n<p class=\"has-ast-global-color-0-color has-text-color\">&#8211;\u00a0Zesp\u00f3\u0142 zdobywa\u0142 do\u015bwiadczenie przez lata w rozwoju nowych technologii i produkt\u00f3w. W tym czasie uda\u0142o nam si\u0119 pomy\u015blnie zrealizowa\u0107 dziesi\u0105tki projekt\u00f3w o r\u00f3\u017cnej skali i z\u0142o\u017cono\u015bci (trwaj\u0105ce od kilku dni do miesi\u0119cy). Mamy do\u015bwiadczenie w zarz\u0105dzaniu zespo\u0142ami ma\u0142ych i \u015brednich zespo\u0142\u00f3w (do dwudziestu os\u00f3b), przygotowania bud\u017cetu, planowania oraz kontrolingu. Pracowali\u015bmy r\u00f3wnie\u017c w \u015brodowisku, gdzie by\u0142y stosowane rozwi\u0105zania implementowane przez wielu dostawc\u00f3w i pod du\u017c\u0105 presj\u0105 czasu. Nasze bogate do\u015bwiadczenie w realizacji projekt jest potwierdzone posiadaniem odpowiednich certyfikat\u00f3w.<\/p>\n\n\n\n<p class=\"has-ast-global-color-0-color has-text-color\">Nie unikamy \u017cadnych wyzwa\u0144.<\/p>\n\n\n\n<p class=\"has-ast-global-color-0-color has-text-color\">Szukamy ich!<\/p>\n<\/div>\n<\/div>\n<\/div><\/div>\n\n\n\n<div class=\"wp-block-group alignfull has-ast-global-color-5-background-color has-background is-layout-constrained wp-block-group-is-layout-constrained\"><div class=\"wp-block-group__inner-container\">\n<div class=\"wp-block-columns is-layout-flex wp-container-core-columns-is-layout-9d6595d7 wp-block-columns-is-layout-flex\">\n<div class=\"wp-block-column is-layout-flow wp-block-column-is-layout-flow\">\n<h2 class=\"has-ast-global-color-0-color has-text-color wp-block-heading\">Testowanie<\/h2>\n\n\n\n<p class=\"has-ast-global-color-0-color has-text-color\">&#8211;\u00a0Zesp\u00f3\u0142 posiada kompetencje, wiedz\u0119 oraz narz\u0119dzia wspieraj\u0105ce testowanie wdra\u017canych aplikacji\/system\u00f3w czy ca\u0142ych rozwi\u0105za\u0144. Zapewniamy kompleksowe podej\u015bcie do realizacji procesu testowania. Pocz\u0105wszy od budowania listy test\u00f3w (Testbook), dostarczenia Coverage Report, poprzez wykonywanie kampanii testowych wraz z dewelopmentem skrypt\u00f3w dla Test Automation.<\/p>\n\n\n\n<p class=\"has-ast-global-color-0-color has-text-color\">&#8211; Wykorzystujemy najnowocze\u015bniejsze technologie np. Selenium do wspierania automatyzacji test\u00f3w regresji czy test\u00f3w GUI czy aplikacji FrontEnd, Kibana i ElasticSearch, korzystamy z rozwi\u0105za\u0144 typu E2E (End to End) oraz narz\u0119dzia TestFLO. Bazujemy na systemach wspierania procesu prowadzenia kampanii testowych oraz wykorzystujemy znane narz\u0119dzia do zarz\u0105dzania prac\u0105 (workflow manager) np. JIRA, Remedy. Do szybkiej komunikacji stosujemy nowoczesne komunikatory Slack czy Trello.<\/p>\n\n\n\n<p class=\"has-ast-global-color-0-color has-text-color\">\u200b- &nbsp;Realizujemy zadanie kompleksowo od przygotowania Test\u00f3w poprzez wykonanie i zatwierdzenie raportem kampanii testowych po testach regresji.<\/p>\n<\/div>\n\n\n\n<div class=\"wp-block-column is-layout-flow wp-block-column-is-layout-flow\">\n<figure class=\"wp-block-image size-full is-style-default\"><img loading=\"lazy\" decoding=\"async\" width=\"611\" height=\"421\" src=\"https:\/\/hexabot.pl\/wp-content\/uploads\/2022\/04\/Untitled.png\" alt=\"\" class=\"wp-image-686\" srcset=\"https:\/\/hexabot.pl\/wp-content\/uploads\/2022\/04\/Untitled.png 611w, https:\/\/hexabot.pl\/wp-content\/uploads\/2022\/04\/Untitled-300x207.png 300w\" sizes=\"auto, (max-width: 611px) 100vw, 611px\" \/><\/figure>\n<\/div>\n<\/div>\n<\/div><\/div>\n\n\n\n<div class=\"wp-block-group alignfull has-ast-global-color-5-background-color has-background is-layout-constrained wp-block-group-is-layout-constrained\"><div class=\"wp-block-group__inner-container\">\n<div class=\"wp-block-columns is-layout-flex wp-container-core-columns-is-layout-9d6595d7 wp-block-columns-is-layout-flex\">\n<div class=\"wp-block-column is-layout-flow wp-block-column-is-layout-flow\">\n<figure class=\"wp-block-image size-full\"><img loading=\"lazy\" decoding=\"async\" width=\"1024\" height=\"513\" src=\"https:\/\/hexabot.pl\/wp-content\/uploads\/2022\/04\/ci-cd-diagram.png\" alt=\"\" class=\"wp-image-835\" srcset=\"https:\/\/hexabot.pl\/wp-content\/uploads\/2022\/04\/ci-cd-diagram.png 1024w, https:\/\/hexabot.pl\/wp-content\/uploads\/2022\/04\/ci-cd-diagram-300x150.png 300w, https:\/\/hexabot.pl\/wp-content\/uploads\/2022\/04\/ci-cd-diagram-768x385.png 768w\" sizes=\"auto, (max-width: 1024px) 100vw, 1024px\" \/><\/figure>\n<\/div>\n\n\n\n<div class=\"wp-block-column is-layout-flow wp-block-column-is-layout-flow\">\n<h2 class=\"has-ast-global-color-0-color has-text-color wp-block-heading\">Integracja system\u00f3w &#8211; CI\/CD<\/h2>\n\n\n\n<p class=\"has-ast-global-color-0-color has-text-color\">&#8211; Projektujemy i tworzymy rozwi\u0105zania CI\/CD, kt\u00f3re jeste\u015bmy w stanie zintegrowa\u0107 z infrastruktur\u0105 IT\/Telco naszych klient\u00f3w.<\/p>\n\n\n\n<p class=\"has-ast-global-color-0-color has-text-color\">&#8211; CI\/CD to najlepsze rozwi\u0105zanie w tworzeniu dzisiejszych rozwi\u0105za\u0144 informatycznych, nasz zesp\u00f3\u0142 dzi\u0119ki do\u015bwiadczeniu \u015bwietnie odnajduje si\u0119 w planowaniu, kodowaniu, budowaniu testowaniu, zg\u0142aszaniu i naprawianiu b\u0142\u0119d\u00f3w podczas trwania ca\u0142ego projektu, bez potrzeby przerywania pracy.<\/p>\n<\/div>\n<\/div>\n<\/div><\/div>\n\n\n\n<div class=\"wp-block-group alignfull has-ast-global-color-5-background-color has-background is-layout-constrained wp-block-group-is-layout-constrained\"><div class=\"wp-block-group__inner-container\">\n<div class=\"wp-block-columns is-layout-flex wp-container-core-columns-is-layout-9d6595d7 wp-block-columns-is-layout-flex\">\n<div class=\"wp-block-column is-layout-flow wp-block-column-is-layout-flow\">\n<h2 class=\"has-ast-global-color-0-color has-text-color wp-block-heading\"><strong>Rozwi\u0105zania w Telekomunikacji<\/strong><\/h2>\n\n\n\n<p class=\"has-ast-global-color-0-color has-text-color\">&#8211; Budujemy nowoczesne Systemy Teleinformatyczne umo\u017cliwiaj\u0105ce \u015bwiadczenie innowacyjnych us\u0142ug r\u00f3wnie\u017c w sektorze IT.<\/p>\n\n\n\n<p class=\"has-ast-global-color-0-color has-text-color\">&#8211;&nbsp;Znamy architektur\u0119 sieci mobilnych GSM\/UMTS\/4G, posiadamy eksperck\u0105 wiedz\u0119 o architekturze sieci stacjonarnych.<\/p>\n\n\n\n<p class=\"has-ast-global-color-0-color has-text-color\">&#8211; Doskonale znamy architektur\u0119 IMS, protoko\u0142y sygnalizacyjne i aplikacyjne<\/p>\n\n\n\n<p class=\"has-ast-global-color-0-color has-text-color\">&#8211; Budujemy architektur\u0119 platform IN i wdra\u017camy aplikacje.<\/p>\n\n\n\n<p class=\"has-ast-global-color-0-color has-text-color\">&#8211; Dostarczamy pe\u0142ne rozwi\u0105zania techniczne i kompleksow\u0105 obs\u0142ug\u0119 projektow\u0105. Pomagamy tworzy\u0107 nowe us\u0142ugi i podpowiadamy, jak je zrealizowa\u0107.<\/p>\n<\/div>\n\n\n\n<div class=\"wp-block-column is-layout-flow wp-block-column-is-layout-flow\">\n<figure class=\"wp-block-image size-large is-style-rounded\"><img loading=\"lazy\" decoding=\"async\" width=\"1024\" height=\"683\" src=\"https:\/\/hexabot.pl\/wp-content\/uploads\/2022\/04\/denny-muller-JyRTi3LoQnc-unsplash-1024x683.jpg\" alt=\"\" class=\"wp-image-683\" srcset=\"https:\/\/hexabot.pl\/wp-content\/uploads\/2022\/04\/denny-muller-JyRTi3LoQnc-unsplash-1024x683.jpg 1024w, https:\/\/hexabot.pl\/wp-content\/uploads\/2022\/04\/denny-muller-JyRTi3LoQnc-unsplash-300x200.jpg 300w, https:\/\/hexabot.pl\/wp-content\/uploads\/2022\/04\/denny-muller-JyRTi3LoQnc-unsplash-768x512.jpg 768w, https:\/\/hexabot.pl\/wp-content\/uploads\/2022\/04\/denny-muller-JyRTi3LoQnc-unsplash-1536x1024.jpg 1536w, https:\/\/hexabot.pl\/wp-content\/uploads\/2022\/04\/denny-muller-JyRTi3LoQnc-unsplash.jpg 1920w\" sizes=\"auto, (max-width: 1024px) 100vw, 1024px\" \/><\/figure>\n<\/div>\n<\/div>\n<\/div><\/div>\n\n\n\n<div class=\"wp-block-group alignfull has-ast-global-color-5-background-color has-background is-layout-constrained wp-block-group-is-layout-constrained\"><div class=\"wp-block-group__inner-container\">\n<div class=\"wp-block-columns is-layout-flex wp-container-core-columns-is-layout-9d6595d7 wp-block-columns-is-layout-flex\">\n<div class=\"wp-block-column is-layout-flow wp-block-column-is-layout-flow\">\n<figure class=\"wp-block-image size-large is-style-rounded\"><img loading=\"lazy\" decoding=\"async\" width=\"1024\" height=\"576\" src=\"https:\/\/hexabot.pl\/wp-content\/uploads\/2022\/04\/james-harrison-vpOeXr5wmR4-unsplash-1024x576.jpg\" alt=\"\" class=\"wp-image-688\" srcset=\"https:\/\/hexabot.pl\/wp-content\/uploads\/2022\/04\/james-harrison-vpOeXr5wmR4-unsplash-1024x576.jpg 1024w, https:\/\/hexabot.pl\/wp-content\/uploads\/2022\/04\/james-harrison-vpOeXr5wmR4-unsplash-300x169.jpg 300w, https:\/\/hexabot.pl\/wp-content\/uploads\/2022\/04\/james-harrison-vpOeXr5wmR4-unsplash-768x432.jpg 768w, https:\/\/hexabot.pl\/wp-content\/uploads\/2022\/04\/james-harrison-vpOeXr5wmR4-unsplash-1536x864.jpg 1536w, https:\/\/hexabot.pl\/wp-content\/uploads\/2022\/04\/james-harrison-vpOeXr5wmR4-unsplash.jpg 1920w\" sizes=\"auto, (max-width: 1024px) 100vw, 1024px\" \/><\/figure>\n<\/div>\n\n\n\n<div class=\"wp-block-column is-layout-flow wp-block-column-is-layout-flow\">\n<h2 class=\"has-ast-global-color-0-color has-text-color wp-block-heading\">Tworzenie aplikacji<\/h2>\n\n\n\n<p class=\"has-ast-global-color-0-color has-text-color\">&#8211; Nasza firma nie jest producentem oprogramowania w sensie w jakim rozumiemy tzw. Software House\u2019y, ale mamy ma\u0142y zesp\u00f3\u0142 wysoko wyspecjalizowanych ekspert\u00f3w ze znajomo\u015bci\u0105 JavaScript, .NET, C++, HTML, jQuery czy CSS. Je\u017celi w projekcie zaistnieje potrzeba wzbogacenia zespo\u0142u o dodatkowe osoby, to taki zabieg jest przez nas stosowany. Przy wi\u0119kszo\u015bci projekt\u00f3w wsp\u00f3\u0142pracujemy z najlepszymi wysoko wykwalifikowanymi i do\u015bwiadczonymi autorami b\u0105d\u017a u\u017cytkownikami aplikacji i system\u00f3w telekomunikacyjnych. Dlatego zawsze, gdy jest to konieczne, mo\u017cemy dostarczy\u0107 prawie ka\u017cdy element oprogramowania z gwarancj\u0105 wysokiej jako\u015bci.<\/p>\n<\/div>\n<\/div>\n<\/div><\/div>\n\n\n\n<div class=\"wp-block-group alignfull has-ast-global-color-5-background-color has-background is-layout-constrained wp-block-group-is-layout-constrained\"><div class=\"wp-block-group__inner-container\">\n<div class=\"wp-block-columns is-layout-flex wp-container-core-columns-is-layout-9d6595d7 wp-block-columns-is-layout-flex\">\n<div class=\"wp-block-column is-layout-flow wp-block-column-is-layout-flow\">\n<h2 class=\"has-ast-global-color-0-color has-text-color wp-block-heading\">Rozwi\u0105zania<\/h2>\n\n\n\n<p class=\"has-ast-global-color-0-color has-text-color\">&#8211; Mamy udokumentowan\u0105 realizacj\u0119 pomy\u015blnie przeprowadzonych projekt\u00f3w w wielu obszarach np. Machine Learning, VoiceBot, VoiceMail, WCO. Dzi\u0119ki zastosowaniu nowoczesnych technologii proponujemy rozwi\u0105zania, kt\u00f3re zapewniaj\u0105 wymierne korzy\u015bci biznesowe. Stawiamy sobie za cel dostarczanie w pe\u0142ni satysfakcjonuj\u0105cych rozwi\u0105za\u0144 zorientowanych na podnoszenie warto\u015bci i presti\u017cu naszych klient\u00f3w. Nasza dewiza to zawsze patrze\u0107 w przysz\u0142o\u015b\u0107 i rozwija\u0107 si\u0119 zgodnie z oczekiwaniami naszych klient\u00f3w.<\/p>\n<\/div>\n\n\n\n<div class=\"wp-block-column is-layout-flow wp-block-column-is-layout-flow\">\n<figure class=\"wp-block-image size-large is-style-rounded\"><img loading=\"lazy\" decoding=\"async\" width=\"1024\" height=\"683\" src=\"https:\/\/hexabot.pl\/wp-content\/uploads\/2022\/04\/annie-spratt-QckxruozjRg-unsplash-1024x683.jpg\" alt=\"\" class=\"wp-image-681\" srcset=\"https:\/\/hexabot.pl\/wp-content\/uploads\/2022\/04\/annie-spratt-QckxruozjRg-unsplash-1024x683.jpg 1024w, https:\/\/hexabot.pl\/wp-content\/uploads\/2022\/04\/annie-spratt-QckxruozjRg-unsplash-300x200.jpg 300w, https:\/\/hexabot.pl\/wp-content\/uploads\/2022\/04\/annie-spratt-QckxruozjRg-unsplash-768x512.jpg 768w, https:\/\/hexabot.pl\/wp-content\/uploads\/2022\/04\/annie-spratt-QckxruozjRg-unsplash-1536x1025.jpg 1536w, https:\/\/hexabot.pl\/wp-content\/uploads\/2022\/04\/annie-spratt-QckxruozjRg-unsplash.jpg 1920w\" sizes=\"auto, (max-width: 1024px) 100vw, 1024px\" \/><\/figure>\n<\/div>\n<\/div>\n<\/div><\/div>\n","protected":false},"excerpt":{"rendered":"<p>Zarz\u0105dzanie projektem &#8211;\u00a0Zesp\u00f3\u0142 zdobywa\u0142 do\u015bwiadczenie przez lata w rozwoju nowych technologii i produkt\u00f3w. W tym czasie uda\u0142o nam si\u0119 pomy\u015blnie zrealizowa\u0107 dziesi\u0105tki projekt\u00f3w o r\u00f3\u017cnej skali i z\u0142o\u017cono\u015bci (trwaj\u0105ce od kilku dni do miesi\u0119cy). Mamy do\u015bwiadczenie w zarz\u0105dzaniu zespo\u0142ami ma\u0142ych i \u015brednich zespo\u0142\u00f3w (do dwudziestu os\u00f3b), przygotowania bud\u017cetu, planowania oraz kontrolingu. Pracowali\u015bmy r\u00f3wnie\u017c w \u015brodowisku, &hellip;<\/p>\n<p class=\"read-more\"> <a class=\"\" href=\"https:\/\/hexabot.pl\/index.php\/home\/uslugi\/\"> <span class=\"screen-reader-text\">Us\u0142ugi<\/span> Read More &raquo;<\/a><\/p>\n","protected":false},"author":1,"featured_media":0,"parent":519,"menu_order":0,"comment_status":"closed","ping_status":"closed","template":"","meta":{"site-sidebar-layout":"default","site-content-layout":"plain-container","ast-main-header-display":"","ast-hfb-above-header-display":"","ast-hfb-below-header-display":"","ast-hfb-mobile-header-display":"","site-post-title":"disabled","ast-breadcrumbs-content":"disabled","ast-featured-img":"disabled","footer-sml-layout":"","theme-transparent-header-meta":"","adv-header-id-meta":"","stick-header-meta":"","header-above-stick-meta":"","header-main-stick-meta":"","header-below-stick-meta":"","footnotes":""},"class_list":["post-677","page","type-page","status-publish","hentry"],"_links":{"self":[{"href":"https:\/\/hexabot.pl\/index.php\/wp-json\/wp\/v2\/pages\/677","targetHints":{"allow":["GET"]}}],"collection":[{"href":"https:\/\/hexabot.pl\/index.php\/wp-json\/wp\/v2\/pages"}],"about":[{"href":"https:\/\/hexabot.pl\/index.php\/wp-json\/wp\/v2\/types\/page"}],"author":[{"embeddable":true,"href":"https:\/\/hexabot.pl\/index.php\/wp-json\/wp\/v2\/users\/1"}],"replies":[{"embeddable":true,"href":"https:\/\/hexabot.pl\/index.php\/wp-json\/wp\/v2\/comments?post=677"}],"version-history":[{"count":19,"href":"https:\/\/hexabot.pl\/index.php\/wp-json\/wp\/v2\/pages\/677\/revisions"}],"predecessor-version":[{"id":847,"href":"https:\/\/hexabot.pl\/index.php\/wp-json\/wp\/v2\/pages\/677\/revisions\/847"}],"up":[{"embeddable":true,"href":"https:\/\/hexabot.pl\/index.php\/wp-json\/wp\/v2\/pages\/519"}],"wp:attachment":[{"href":"https:\/\/hexabot.pl\/index.php\/wp-json\/wp\/v2\/media?parent=677"}],"curies":[{"name":"wp","href":"https:\/\/api.w.org\/{rel}","templated":true}]}}