{"id":705,"date":"2022-04-02T16:28:56","date_gmt":"2022-04-02T14:28:56","guid":{"rendered":"http:\/\/hexabot.pl\/?page_id=705"},"modified":"2022-04-05T13:36:00","modified_gmt":"2022-04-05T11:36:00","slug":"klienci-i-projekty","status":"publish","type":"page","link":"https:\/\/hexabot.pl\/index.php\/home\/klienci-i-projekty\/","title":{"rendered":"Klienci i Projekty"},"content":{"rendered":"\n<div class=\"wp-block-cover alignfull is-light\" style=\"min-height:775px;aspect-ratio:unset;\"><span aria-hidden=\"true\" class=\"has-background-dim-100 wp-block-cover__gradient-background has-background-dim has-background-gradient\" style=\"background:linear-gradient(50deg,rgb(7,1,143) 0%,rgb(132,4,206) 100%)\"><\/span><div class=\"wp-block-cover__inner-container is-layout-flow wp-block-cover-is-layout-flow\">\n<div class=\"wp-block-group alignwide is-layout-constrained wp-block-group-is-layout-constrained\"><div class=\"wp-block-group__inner-container\">\n<div class=\"wp-block-media-text alignwide has-media-on-the-right is-stacked-on-mobile\"><figure class=\"wp-block-media-text__media\"><img loading=\"lazy\" decoding=\"async\" width=\"982\" height=\"860\" src=\"https:\/\/hexabot.pl\/wp-content\/uploads\/2022\/04\/11_ccexpress.png\" alt=\"\" class=\"wp-image-706 size-full\" srcset=\"https:\/\/hexabot.pl\/wp-content\/uploads\/2022\/04\/11_ccexpress.png 982w, https:\/\/hexabot.pl\/wp-content\/uploads\/2022\/04\/11_ccexpress-300x263.png 300w, https:\/\/hexabot.pl\/wp-content\/uploads\/2022\/04\/11_ccexpress-768x673.png 768w\" sizes=\"auto, (max-width: 982px) 100vw, 982px\" \/><\/figure><div class=\"wp-block-media-text__content\">\n<h1 class=\"has-ast-global-color-5-color has-text-color wp-block-heading\" style=\"font-size:78px\">Zrealizowane Projekty<\/h1>\n<\/div><\/div>\n<\/div><\/div>\n<\/div><\/div>\n\n\n\n<div class=\"wp-block-group alignfull has-ast-global-color-5-background-color has-background is-layout-constrained wp-block-group-is-layout-constrained\"><div class=\"wp-block-group__inner-container\">\n<div class=\"wp-block-columns is-layout-flex wp-container-core-columns-is-layout-9d6595d7 wp-block-columns-is-layout-flex\">\n<div class=\"wp-block-column is-layout-flow wp-block-column-is-layout-flow\">\n<h2 class=\"has-ast-global-color-0-color has-text-color wp-block-heading\">UPC Polska<\/h2>\n\n\n\n<p class=\"has-ast-global-color-0-color has-text-color\">Pracownicy firmy Fabryka Pomys\u0142\u00f3w pracowali w nast\u0119puj\u0105cych projektach dla firmy UPC Polska, zajmuj\u0105c kluczowe pozycje dla realizacji tych projekt\u00f3w:<\/p>\n\n\n\n<ul class=\"has-ast-global-color-0-color has-text-color wp-block-list\"><li>Inteligentny asystent g\u0142owowy do obs\u0142ugi klient\u00f3w<\/li><li>Analiza i tworzenie proces\u00f3w biznesowych do obs\u0142ugi klient\u00f3w<\/li><li>Modyfikacja proces\u00f3w biznesowych w celu optymalizacji ich dzia\u0142ania<\/li><li>Przygotowywanie Testbook\u00f3w i Testcas\u00f3w dla r\u00f3\u017cnych proces\u00f3w<\/li><li>Wykonywanie obszernych plan\u00f3w testowych i ich realizacja w celu oszacowania skuteczno\u015bci wprowadzonych rozwi\u0105za\u0144<\/li><li>Opracowywanie KPI <\/li><li>Analiza po\u0142\u0105cze\u0144 klient &#8211; operator w celu lepszego zrozumienia trudno\u015bci w komunikacji z Voicebotem<\/li><li>\u015acis\u0142a wsp\u00f3\u0142praca z dzia\u0142em CEX<\/li><li>Kompleksowe raportowanie napotkanych b\u0142\u0119d\u00f3w<\/li><\/ul>\n\n\n\n<div class=\"wp-block-buttons is-layout-flex wp-block-buttons-is-layout-flex\">\n<div class=\"wp-block-button\"><a class=\"wp-block-button__link has-ast-global-color-5-color has-luminous-dusk-gradient-background has-text-color has-background\">Dowiedz si\u0119 wi\u0119cej <\/a><\/div>\n<\/div>\n<\/div>\n\n\n\n<div class=\"wp-block-column is-layout-flow wp-block-column-is-layout-flow\">\n<figure class=\"wp-block-image size-full\"><img loading=\"lazy\" decoding=\"async\" width=\"900\" height=\"838\" src=\"https:\/\/hexabot.pl\/wp-content\/uploads\/2022\/04\/R-1_edited.png\" alt=\"\" class=\"wp-image-727\" srcset=\"https:\/\/hexabot.pl\/wp-content\/uploads\/2022\/04\/R-1_edited.png 900w, https:\/\/hexabot.pl\/wp-content\/uploads\/2022\/04\/R-1_edited-300x279.png 300w, https:\/\/hexabot.pl\/wp-content\/uploads\/2022\/04\/R-1_edited-768x715.png 768w\" sizes=\"auto, (max-width: 900px) 100vw, 900px\" \/><\/figure>\n<\/div>\n<\/div>\n<\/div><\/div>\n\n\n\n<div class=\"wp-block-group alignfull has-background is-layout-constrained wp-block-group-is-layout-constrained\" style=\"background:linear-gradient(135deg,rgb(7,1,143) 0%,rgb(132,4,206) 100%)\"><div class=\"wp-block-group__inner-container\">\n<div class=\"wp-block-columns is-layout-flex wp-container-core-columns-is-layout-9d6595d7 wp-block-columns-is-layout-flex\">\n<div class=\"wp-block-column is-layout-flow wp-block-column-is-layout-flow\">\n<h2 class=\"has-ast-global-color-5-color has-text-color wp-block-heading\">Orange Polska<\/h2>\n\n\n\n<p class=\"has-ast-global-color-5-color has-text-color\">Pracownicy firmy Fabryka Pomys\u0142\u00f3w pracowali w nast\u0119puj\u0105cych projektach dla firmy Orange, zajmuj\u0105c kluczowe pozycje dla realizacji tych projekt\u00f3w:<\/p>\n\n\n\n<ul class=\"has-ast-global-color-5-color has-text-color wp-block-list\"><li>System USSD Menu \u2013 Aplikacja do tworzenia kampanii marketingowych,<\/li><li>Wirtualna Centralka Orange &#8211; Aplikacja dla rynku B2B<\/li><li>Wsparcie i rozw\u00f3j platformy Open API \u2013 system wspieraj\u0105cy Internet Of Things i Big Data,<\/li><li>T\u0119cza \u2013 us\u0142uga do Ankietowania<\/li><li>LowEnd \u2013 Obs\u0142uga po\u0142\u0105cze\u0144 w zale\u017cno\u015bci od lokalizacji,<\/li><li>Telekonferencja Orange<\/li><li>USSD GW \u2013 platforma wysy\u0142aj\u0105ca wiadomo\u015bci USSD<\/li><li>AUS\/WLR \u2013 us\u0142ugi regulowane UKE do reroutigu po\u0142\u0105cze\u0144<\/li><li>Liczne inne PROJEKTY<\/li><\/ul>\n\n\n\n<div class=\"wp-block-buttons is-layout-flex wp-block-buttons-is-layout-flex\">\n<div class=\"wp-block-button\"><a class=\"wp-block-button__link has-ast-global-color-5-color has-luminous-dusk-gradient-background has-text-color has-background\">Dowiedz si\u0119 wi\u0119cej<\/a><\/div>\n<\/div>\n<\/div>\n\n\n\n<div class=\"wp-block-column is-layout-flow wp-block-column-is-layout-flow\">\n<figure class=\"wp-block-image size-large\"><img loading=\"lazy\" decoding=\"async\" width=\"1021\" height=\"1024\" src=\"https:\/\/hexabot.pl\/wp-content\/uploads\/2022\/04\/Orange-3-1021x1024.png\" alt=\"\" class=\"wp-image-734\" srcset=\"https:\/\/hexabot.pl\/wp-content\/uploads\/2022\/04\/Orange-3-1021x1024.png 1021w, https:\/\/hexabot.pl\/wp-content\/uploads\/2022\/04\/Orange-3-300x300.png 300w, https:\/\/hexabot.pl\/wp-content\/uploads\/2022\/04\/Orange-3-150x150.png 150w, https:\/\/hexabot.pl\/wp-content\/uploads\/2022\/04\/Orange-3-768x770.png 768w, https:\/\/hexabot.pl\/wp-content\/uploads\/2022\/04\/Orange-3.png 1200w\" sizes=\"auto, (max-width: 1021px) 100vw, 1021px\" \/><\/figure>\n<\/div>\n<\/div>\n<\/div><\/div>\n\n\n\n<div class=\"wp-block-group alignfull has-ast-global-color-5-background-color has-background is-layout-constrained wp-block-group-is-layout-constrained\"><div class=\"wp-block-group__inner-container\">\n<div class=\"wp-block-columns is-layout-flex wp-container-core-columns-is-layout-9d6595d7 wp-block-columns-is-layout-flex\">\n<div class=\"wp-block-column is-layout-flow wp-block-column-is-layout-flow\">\n<h2 class=\"has-ast-global-color-0-color has-text-color wp-block-heading\">T-Mobile Austria<\/h2>\n\n\n\n<p class=\"has-ast-global-color-0-color has-text-color\">Firma Fabryka Pomys\u0142\u00f3w wsp\u00f3\u0142pracowa\u0142a z T-Mobile Austria w szeregu projekt\u00f3w, Zapewniali\u015bmy prowadzenie projekt\u00f3w implementacji us\u0142ug na platformie IMS i USSD GWY np. VPN, Roaming Routing (PrefixCorrectionService), Home rerouting (VirtualHomeEnvironment), Lokalizacja i status abonenta (Focus Service).<\/p>\n\n\n\n<div class=\"wp-block-buttons is-layout-flex wp-block-buttons-is-layout-flex\">\n<div class=\"wp-block-button\"><a class=\"wp-block-button__link has-ast-global-color-5-color has-luminous-dusk-gradient-background has-text-color has-background\">Dowiedz si\u0119 wi\u0119cej<\/a><\/div>\n<\/div>\n<\/div>\n\n\n\n<div class=\"wp-block-column is-layout-flow wp-block-column-is-layout-flow\">\n<figure class=\"wp-block-image size-large\"><img loading=\"lazy\" decoding=\"async\" width=\"1024\" height=\"1024\" src=\"https:\/\/hexabot.pl\/wp-content\/uploads\/2022\/04\/T-Mobile_logo_pink_edited-1024x1024.jpg\" alt=\"\" class=\"wp-image-731\" srcset=\"https:\/\/hexabot.pl\/wp-content\/uploads\/2022\/04\/T-Mobile_logo_pink_edited-1024x1024.jpg 1024w, https:\/\/hexabot.pl\/wp-content\/uploads\/2022\/04\/T-Mobile_logo_pink_edited-300x300.jpg 300w, https:\/\/hexabot.pl\/wp-content\/uploads\/2022\/04\/T-Mobile_logo_pink_edited-150x150.jpg 150w, https:\/\/hexabot.pl\/wp-content\/uploads\/2022\/04\/T-Mobile_logo_pink_edited-768x768.jpg 768w, https:\/\/hexabot.pl\/wp-content\/uploads\/2022\/04\/T-Mobile_logo_pink_edited.jpg 1311w\" sizes=\"auto, (max-width: 1024px) 100vw, 1024px\" \/><\/figure>\n<\/div>\n<\/div>\n<\/div><\/div>\n\n\n\n<div class=\"wp-block-group alignfull has-background is-layout-constrained wp-block-group-is-layout-constrained\" style=\"background:linear-gradient(135deg,rgb(7,1,143) 0%,rgb(132,4,206) 100%)\"><div class=\"wp-block-group__inner-container\">\n<div class=\"wp-block-columns is-layout-flex wp-container-core-columns-is-layout-9d6595d7 wp-block-columns-is-layout-flex\">\n<div class=\"wp-block-column is-layout-flow wp-block-column-is-layout-flow\">\n<h2 class=\"has-ast-global-color-5-color has-text-color wp-block-heading\">Orange Mo\u0142dawia<\/h2>\n\n\n\n<p class=\"has-ast-global-color-5-color has-text-color\">Firma Fabryka Pomys\u0142\u00f3w wsp\u00f3\u0142pracowa\u0142a z Orange Mo\u0142dawia w projekcie unowocze\u015bnienia ca\u0142ej infrastruktury platform us\u0142ugowych tego operatora. Dostarczyli\u015bmy konsulting i doradztwo przy wyborze dostawcy nowych platform i aplikacji oraz zapewnili\u015bmy prowadzenie i zarz\u0105dzanie projektem wymiany wszystkich platform us\u0142ugowych Orange Mo\u0142dawia.<\/p>\n\n\n\n<div class=\"wp-block-buttons is-layout-flex wp-block-buttons-is-layout-flex\">\n<div class=\"wp-block-button\"><a class=\"wp-block-button__link has-ast-global-color-5-color has-luminous-dusk-gradient-background has-text-color has-background\">Dowiedz si\u0119&nbsp;wi\u0119cej<\/a><\/div>\n<\/div>\n<\/div>\n\n\n\n<div class=\"wp-block-column is-layout-flow wp-block-column-is-layout-flow\">\n<figure class=\"wp-block-image size-large\"><img loading=\"lazy\" decoding=\"async\" width=\"1021\" height=\"1024\" src=\"https:\/\/hexabot.pl\/wp-content\/uploads\/2022\/04\/Orange-2-1021x1024.png\" alt=\"\" class=\"wp-image-733\" srcset=\"https:\/\/hexabot.pl\/wp-content\/uploads\/2022\/04\/Orange-2-1021x1024.png 1021w, https:\/\/hexabot.pl\/wp-content\/uploads\/2022\/04\/Orange-2-300x300.png 300w, https:\/\/hexabot.pl\/wp-content\/uploads\/2022\/04\/Orange-2-150x150.png 150w, https:\/\/hexabot.pl\/wp-content\/uploads\/2022\/04\/Orange-2-768x770.png 768w, https:\/\/hexabot.pl\/wp-content\/uploads\/2022\/04\/Orange-2.png 1200w\" sizes=\"auto, (max-width: 1021px) 100vw, 1021px\" \/><\/figure>\n<\/div>\n<\/div>\n<\/div><\/div>\n\n\n\n<p><\/p>\n","protected":false},"excerpt":{"rendered":"<p>UPC Polska Pracownicy firmy Fabryka Pomys\u0142\u00f3w pracowali w nast\u0119puj\u0105cych projektach dla firmy UPC Polska, zajmuj\u0105c kluczowe pozycje dla realizacji tych projekt\u00f3w: Inteligentny asystent g\u0142owowy do obs\u0142ugi klient\u00f3w Analiza i tworzenie proces\u00f3w biznesowych do obs\u0142ugi klient\u00f3w Modyfikacja proces\u00f3w biznesowych w celu optymalizacji ich dzia\u0142ania Przygotowywanie Testbook\u00f3w i Testcas\u00f3w dla r\u00f3\u017cnych proces\u00f3w Wykonywanie obszernych plan\u00f3w testowych i &hellip;<\/p>\n<p class=\"read-more\"> <a class=\"\" href=\"https:\/\/hexabot.pl\/index.php\/home\/klienci-i-projekty\/\"> <span class=\"screen-reader-text\">Klienci i Projekty<\/span> Read More &raquo;<\/a><\/p>\n","protected":false},"author":1,"featured_media":0,"parent":519,"menu_order":0,"comment_status":"closed","ping_status":"closed","template":"","meta":{"site-sidebar-layout":"default","site-content-layout":"plain-container","ast-main-header-display":"","ast-hfb-above-header-display":"","ast-hfb-below-header-display":"","ast-hfb-mobile-header-display":"","site-post-title":"disabled","ast-breadcrumbs-content":"disabled","ast-featured-img":"disabled","footer-sml-layout":"","theme-transparent-header-meta":"","adv-header-id-meta":"","stick-header-meta":"","header-above-stick-meta":"","header-main-stick-meta":"","header-below-stick-meta":"","footnotes":""},"class_list":["post-705","page","type-page","status-publish","hentry"],"_links":{"self":[{"href":"https:\/\/hexabot.pl\/index.php\/wp-json\/wp\/v2\/pages\/705","targetHints":{"allow":["GET"]}}],"collection":[{"href":"https:\/\/hexabot.pl\/index.php\/wp-json\/wp\/v2\/pages"}],"about":[{"href":"https:\/\/hexabot.pl\/index.php\/wp-json\/wp\/v2\/types\/page"}],"author":[{"embeddable":true,"href":"https:\/\/hexabot.pl\/index.php\/wp-json\/wp\/v2\/users\/1"}],"replies":[{"embeddable":true,"href":"https:\/\/hexabot.pl\/index.php\/wp-json\/wp\/v2\/comments?post=705"}],"version-history":[{"count":13,"href":"https:\/\/hexabot.pl\/index.php\/wp-json\/wp\/v2\/pages\/705\/revisions"}],"predecessor-version":[{"id":831,"href":"https:\/\/hexabot.pl\/index.php\/wp-json\/wp\/v2\/pages\/705\/revisions\/831"}],"up":[{"embeddable":true,"href":"https:\/\/hexabot.pl\/index.php\/wp-json\/wp\/v2\/pages\/519"}],"wp:attachment":[{"href":"https:\/\/hexabot.pl\/index.php\/wp-json\/wp\/v2\/media?parent=705"}],"curies":[{"name":"wp","href":"https:\/\/api.w.org\/{rel}","templated":true}]}}